{"id":5,"date":"2021-10-04T10:38:39","date_gmt":"2021-10-04T09:38:39","guid":{"rendered":"https:\/\/www.puntofilipino.com\/?page_id=5"},"modified":"2026-04-09T20:16:29","modified_gmt":"2026-04-09T18:16:29","slug":"inicio","status":"publish","type":"page","link":"https:\/\/www.puntofilipino.com\/en\/","title":{"rendered":"Inicio"},"content":{"rendered":"<section class=\"mwm-home-video wp-block-figma-to-mwm-home-hero\" data-mwm-home-hero=\"1\">\r\n\t\t\t<div class=\"mwm-home-video__bg\" aria-hidden=\"true\">\r\n\t\t\t<div class=\"mwm-home-video__video-first\">\r\n\t\t\t\t<video\r\n\t\t\t\t\tclass=\"mwm-home-video__video\"\r\n\t\t\t\t\tautoplay\r\n\t\t\t\t\tmuted\r\n\t\t\t\t\tloop\r\n\t\t\t\t\tplaysinline\r\n\t\t\t\t\t data-mwm-home-hero-inline=\"1\"\t\t\t\t\t\t\t\t\t>\r\n\t\t\t\t\t<source src=\"https:\/\/www.puntofilipino.com\/wp-content\/uploads\/2026\/04\/Atmos_Home_Full.mp4\" type=\"video\/mp4\" \/>\r\n\t\t\t\t<\/video>\r\n\t\t\t<\/div>\r\n\t\t<\/div>\r\n\t\r\n\t<div class=\"mwm-max-1 mwm-home-video__inner\">\r\n\t\t<div class=\"mwm-home-video__grid\">\r\n\t\t\t<div class=\"mwm-home-video__column mwm-home-video__column--tl\" aria-hidden=\"true\"><\/div>\r\n\r\n\t\t\t<div class=\"mwm-home-video__main-stack\">\r\n\t\t\t\t<div class=\"mwm-home-video__column mwm-home-video__column--tr\">\r\n\t\t\t\t\t\t\t\t\t\t\t<nav class=\"mwm-home-video__menu\" aria-label=\"Men\u00fa principal\">\r\n\t\t\t\t\t\t\t<ul id=\"menu-header-menu\" class=\"mwm-home-video__menu-list\"><li id=\"menu-item-1420\" class=\"menu-item menu-item-type-post_type menu-item-object-page menu-item-1420\"><a href=\"https:\/\/www.puntofilipino.com\/en\/about\/\">About<\/a><\/li>\n<li id=\"menu-item-1419\" class=\"menu-item menu-item-type-post_type menu-item-object-page menu-item-1419\"><a href=\"https:\/\/www.puntofilipino.com\/en\/proyectos\/\">Projects<\/a><\/li>\n<li id=\"menu-item-1421\" class=\"menu-item menu-item-type-post_type menu-item-object-page current_page_parent menu-item-1421\"><a href=\"https:\/\/www.puntofilipino.com\/en\/journal\/\">Journal<\/a><\/li>\n<li id=\"menu-item-1422\" class=\"menu-item menu-item-type-post_type menu-item-object-page menu-item-1422\"><a href=\"https:\/\/www.puntofilipino.com\/en\/contacto\/\">Contact<\/a><\/li>\n<\/ul>\t\t\t\t\t\t<\/nav>\r\n\t\t\t\t\t\t\t\t\t<\/div>\r\n\r\n\t\t\t\t<div class=\"mwm-home-video__column mwm-home-video__column--br\">\r\n\t\t\t\t\t\t\t\t\t\t\t<a\r\n\t\t\t\t\t\t\tclass=\"mwm-home-video__cta\"\r\n\t\t\t\t\t\t\thref=\"#mwm-home-hero-v-1\"\r\n\t\t\t\t\t\t\tdata-mwm-home-hero-open=\"1\"\r\n\t\t\t\t\t\t\trole=\"button\"\r\n\t\t\t\t\t\t>\r\n\t\t\t\t\t\t\t\t\t\t\t<span class=\"mwm-home-video__cta-text\">Ver v\u00eddeo<\/span>\r\n\t\t\t\t\t\t<span class=\"mwm-home-video__cta-icon\" aria-hidden=\"true\">\r\n\t\t\t\t\t\t\t<svg width=\"22\" height=\"16\" viewbox=\"0 0 22 16\" fill=\"none\" xmlns=\"http:\/\/www.w3.org\/2000\/svg\">\r\n    <path\r\n        d=\"M2.56143 16C2.20319 15.6009 1.82107 15.0144 1.41506 14.2404C1.02099 13.4664 0.68663 12.5533 0.411978 11.5011C0.137325 10.4369 0 9.26984 0 8C0 6.73016 0.137325 5.56311 0.411978 4.49887C0.68663 3.43462 1.02099 2.52154 1.41506 1.75964C1.82107 0.985639 2.20319 0.399093 2.56143 0H3.06297C2.72861 0.399093 2.37634 0.985639 2.00616 1.75964C1.64791 2.52154 1.34341 3.43462 1.09264 4.49887C0.841869 5.56311 0.716484 6.73016 0.716484 8C0.716484 9.26984 0.841869 10.4369 1.09264 11.5011C1.34341 12.5533 1.64791 13.4664 2.00616 14.2404C2.37634 15.0144 2.72861 15.6009 3.06297 16H2.56143Z\"\r\n        fill=\"white\" \/>\r\n    <path\r\n        d=\"M18.2704 16C18.6047 15.6009 18.951 15.0144 19.3093 14.2404C19.6794 13.4664 19.9899 12.5533 20.2407 11.5011C20.4915 10.4369 20.6168 9.26984 20.6168 8C20.6168 6.73016 20.4915 5.56311 20.2407 4.49887C19.9899 3.43462 19.6794 2.52154 19.3093 1.75964C18.951 0.985639 18.6047 0.399093 18.2704 0H18.7719C19.1421 0.399093 19.5242 0.985639 19.9183 1.75964C20.3123 2.52154 20.6467 3.43462 20.9214 4.49887C21.196 5.56311 21.3333 6.73016 21.3333 8C21.3333 9.26984 21.196 10.4369 20.9214 11.5011C20.6467 12.5533 20.3123 13.4664 19.9183 14.2404C19.5242 15.0144 19.1421 15.6009 18.7719 16H18.2704Z\"\r\n        fill=\"white\" \/>\r\n    <path d=\"M14.9333 8L8.53333 12.2667V3.73333L14.9333 8Z\" fill=\"currentColor\" \/>\r\n<\/svg>\t\t\t\t\t\t<\/span>\r\n\t\t\t\t\t<\/a>\r\n\t\t\t\t<\/div>\r\n\t\t\t<\/div>\r\n\r\n\t\t\t<div class=\"mwm-home-video__column mwm-home-video__column-video mwm-home-video__column--bl\">\r\n\t\t\t\t<figure class=\"mwm-home-video__figure\">\r\n\t\t\t\t\t\t\t\t\t\t\t<video\r\n\t\t\t\t\t\t\tclass=\"mwm-home-video__video-small\"\r\n\t\t\t\t\t\t\tautoplay\r\n\t\t\t\t\t\t\tmuted\r\n\t\t\t\t\t\t\tloop\r\n\t\t\t\t\t\t\tplaysinline\r\n\t\t\t\t\t\t\t\t\t\t\t\t\t>\r\n\t\t\t\t\t\t\t<source src=\"https:\/\/www.puntofilipino.com\/wp-content\/uploads\/2026\/04\/pf_man_atmos_1.mp4\" type=\"video\/mp4\" \/>\r\n\t\t\t\t\t\t<\/video>\r\n\t\t\t\t\t\t\t\t\t\t\t\t\t\t\t\t<figcaption class=\"mwm-home-video__fig\">Operando en la frontera entre el dise\u00f1o de espacios, el arte y la emoci\u00f3n, explorando c\u00f3mo la materia, la luz y el silencio pueden transformarse en lenguaje.<\/figcaption>\r\n\t\t\t\t\t\t\t\t\t<\/figure>\r\n\t\t\t<\/div>\r\n\t\t<\/div>\r\n\t<\/div>\r\n\r\n\t\t\t<div\r\n\t\t\tid=\"mwm-home-hero-v-1\"\r\n\t\t\tclass=\"mwm-video__modal mwm-home-video__fancybox-modal\"\r\n\t\t\tdata-mwm-home-hero-modal=\"1\"\r\n\t\t\tstyle=\"--mwm-video-modal-max: 1200px; max-width: 1200px; display: none;\"\r\n\t\t>\r\n\t\t\t<div class=\"mwm-video__modal-inner\" data-mwm-home-hero-modal-container=\"1\"><\/div>\r\n\t\t<\/div>\r\n\t<\/section>","protected":false},"excerpt":{"rendered":"","protected":false},"author":1,"featured_media":0,"parent":0,"menu_order":1,"comment_status":"closed","ping_status":"closed","template":"","meta":{"_acf_changed":false,"inline_featured_image":false,"footnotes":""},"class_list":["post-5","page","type-page","status-publish","hentry"],"acf":[],"yoast_head":"<!-- This site is optimized with the Yoast SEO plugin v27.4 - https:\/\/yoast.com\/product\/yoast-seo-wordpress\/ -->\n<title>Estudio de Dise\u00f1o de interiores - Puntofilipino<\/title>\n<meta name=\"description\" content=\"Equipo de dise\u00f1adores, arquitectos, gr\u00e1ficos y artistas especializados en retail de lujo, hospitality y espacios residenciales.\" \/>\n<meta name=\"robots\" content=\"noindex, follow, max-snippet:-1, max-image-preview:large, max-video-preview:-1\" \/>\n<meta property=\"og:locale\" content=\"en_US\" \/>\n<meta property=\"og:type\" content=\"article\" \/>\n<meta property=\"og:title\" content=\"Estudio de Dise\u00f1o de interiores - Puntofilipino\" \/>\n<meta property=\"og:description\" content=\"Equipo de dise\u00f1adores, arquitectos, gr\u00e1ficos y artistas especializados en retail de lujo, hospitality y espacios residenciales.\" \/>\n<meta property=\"og:url\" content=\"https:\/\/www.puntofilipino.com\/en\/\" \/>\n<meta property=\"og:site_name\" content=\"Puntofilipino\" \/>\n<meta property=\"article:modified_time\" content=\"2026-04-09T18:16:29+00:00\" \/>\n<meta property=\"og:image\" content=\"https:\/\/www.puntofilipino.com\/wp-content\/uploads\/2021\/11\/PUNTOFILIPINO_RRSS.jpg\" \/>\n\t<meta property=\"og:image:width\" content=\"1200\" \/>\n\t<meta property=\"og:image:height\" content=\"628\" \/>\n\t<meta property=\"og:image:type\" content=\"image\/jpeg\" \/>\n<meta name=\"twitter:card\" content=\"summary_large_image\" \/>\n<script type=\"application\/ld+json\" class=\"yoast-schema-graph\">{\"@context\":\"https:\\\/\\\/schema.org\",\"@graph\":[{\"@type\":\"WebPage\",\"@id\":\"https:\\\/\\\/www.puntofilipino.com\\\/\",\"url\":\"https:\\\/\\\/www.puntofilipino.com\\\/\",\"name\":\"Estudio de Dise\u00f1o de interiores - Puntofilipino\",\"isPartOf\":{\"@id\":\"https:\\\/\\\/www.puntofilipino.com\\\/#website\"},\"datePublished\":\"2021-10-04T09:38:39+00:00\",\"dateModified\":\"2026-04-09T18:16:29+00:00\",\"description\":\"Equipo de dise\u00f1adores, arquitectos, gr\u00e1ficos y artistas especializados en retail de lujo, hospitality y espacios residenciales.\",\"breadcrumb\":{\"@id\":\"https:\\\/\\\/www.puntofilipino.com\\\/#breadcrumb\"},\"inLanguage\":\"en-US\",\"potentialAction\":[{\"@type\":\"ReadAction\",\"target\":[\"https:\\\/\\\/www.puntofilipino.com\\\/\"]}]},{\"@type\":\"BreadcrumbList\",\"@id\":\"https:\\\/\\\/www.puntofilipino.com\\\/#breadcrumb\",\"itemListElement\":[{\"@type\":\"ListItem\",\"position\":1,\"name\":\"Home\",\"item\":\"https:\\\/\\\/www.puntofilipino.com\\\/\"},{\"@type\":\"ListItem\",\"position\":2,\"name\":\"Inicio\"}]},{\"@type\":\"WebSite\",\"@id\":\"https:\\\/\\\/www.puntofilipino.com\\\/#website\",\"url\":\"https:\\\/\\\/www.puntofilipino.com\\\/\",\"name\":\"Puntofilipino\",\"description\":\"\",\"publisher\":{\"@id\":\"https:\\\/\\\/www.puntofilipino.com\\\/#organization\"},\"potentialAction\":[{\"@type\":\"SearchAction\",\"target\":{\"@type\":\"EntryPoint\",\"urlTemplate\":\"https:\\\/\\\/www.puntofilipino.com\\\/?s={search_term_string}\"},\"query-input\":{\"@type\":\"PropertyValueSpecification\",\"valueRequired\":true,\"valueName\":\"search_term_string\"}}],\"inLanguage\":\"en-US\"},{\"@type\":\"Organization\",\"@id\":\"https:\\\/\\\/www.puntofilipino.com\\\/#organization\",\"name\":\"Puntofilipino\",\"url\":\"https:\\\/\\\/www.puntofilipino.com\\\/\",\"logo\":{\"@type\":\"ImageObject\",\"inLanguage\":\"en-US\",\"@id\":\"https:\\\/\\\/www.puntofilipino.com\\\/#\\\/schema\\\/logo\\\/image\\\/\",\"url\":\"https:\\\/\\\/www.puntofilipino.com\\\/wp-content\\\/uploads\\\/2026\\\/01\\\/logo-puntofilipino.svg\",\"contentUrl\":\"https:\\\/\\\/www.puntofilipino.com\\\/wp-content\\\/uploads\\\/2026\\\/01\\\/logo-puntofilipino.svg\",\"width\":220,\"height\":21,\"caption\":\"Puntofilipino\"},\"image\":{\"@id\":\"https:\\\/\\\/www.puntofilipino.com\\\/#\\\/schema\\\/logo\\\/image\\\/\"}}]}<\/script>\n<!-- \/ Yoast SEO plugin. -->","yoast_head_json":{"title":"Estudio de Dise\u00f1o de interiores - Puntofilipino","description":"Equipo de dise\u00f1adores, arquitectos, gr\u00e1ficos y artistas especializados en retail de lujo, hospitality y espacios residenciales.","robots":{"index":"noindex","follow":"follow","max-snippet":"max-snippet:-1","max-image-preview":"max-image-preview:large","max-video-preview":"max-video-preview:-1"},"og_locale":"en_US","og_type":"article","og_title":"Estudio de Dise\u00f1o de interiores - Puntofilipino","og_description":"Equipo de dise\u00f1adores, arquitectos, gr\u00e1ficos y artistas especializados en retail de lujo, hospitality y espacios residenciales.","og_url":"https:\/\/www.puntofilipino.com\/en\/","og_site_name":"Puntofilipino","article_modified_time":"2026-04-09T18:16:29+00:00","og_image":[{"width":1200,"height":628,"url":"https:\/\/www.puntofilipino.com\/wp-content\/uploads\/2021\/11\/PUNTOFILIPINO_RRSS.jpg","type":"image\/jpeg"}],"twitter_card":"summary_large_image","schema":{"@context":"https:\/\/schema.org","@graph":[{"@type":"WebPage","@id":"https:\/\/www.puntofilipino.com\/","url":"https:\/\/www.puntofilipino.com\/","name":"Estudio de Dise\u00f1o de interiores - Puntofilipino","isPartOf":{"@id":"https:\/\/www.puntofilipino.com\/#website"},"datePublished":"2021-10-04T09:38:39+00:00","dateModified":"2026-04-09T18:16:29+00:00","description":"Equipo de dise\u00f1adores, arquitectos, gr\u00e1ficos y artistas especializados en retail de lujo, hospitality y espacios residenciales.","breadcrumb":{"@id":"https:\/\/www.puntofilipino.com\/#breadcrumb"},"inLanguage":"en-US","potentialAction":[{"@type":"ReadAction","target":["https:\/\/www.puntofilipino.com\/"]}]},{"@type":"BreadcrumbList","@id":"https:\/\/www.puntofilipino.com\/#breadcrumb","itemListElement":[{"@type":"ListItem","position":1,"name":"Home","item":"https:\/\/www.puntofilipino.com\/"},{"@type":"ListItem","position":2,"name":"Inicio"}]},{"@type":"WebSite","@id":"https:\/\/www.puntofilipino.com\/#website","url":"https:\/\/www.puntofilipino.com\/","name":"Filipino Point","description":"","publisher":{"@id":"https:\/\/www.puntofilipino.com\/#organization"},"potentialAction":[{"@type":"SearchAction","target":{"@type":"EntryPoint","urlTemplate":"https:\/\/www.puntofilipino.com\/?s={search_term_string}"},"query-input":{"@type":"PropertyValueSpecification","valueRequired":true,"valueName":"search_term_string"}}],"inLanguage":"en-US"},{"@type":"Organization","@id":"https:\/\/www.puntofilipino.com\/#organization","name":"Filipino Point","url":"https:\/\/www.puntofilipino.com\/","logo":{"@type":"ImageObject","inLanguage":"en-US","@id":"https:\/\/www.puntofilipino.com\/#\/schema\/logo\/image\/","url":"https:\/\/www.puntofilipino.com\/wp-content\/uploads\/2026\/01\/logo-puntofilipino.svg","contentUrl":"https:\/\/www.puntofilipino.com\/wp-content\/uploads\/2026\/01\/logo-puntofilipino.svg","width":220,"height":21,"caption":"Puntofilipino"},"image":{"@id":"https:\/\/www.puntofilipino.com\/#\/schema\/logo\/image\/"}}]}},"_links":{"self":[{"href":"https:\/\/www.puntofilipino.com\/en\/wp-json\/wp\/v2\/pages\/5","targetHints":{"allow":["GET"]}}],"collection":[{"href":"https:\/\/www.puntofilipino.com\/en\/wp-json\/wp\/v2\/pages"}],"about":[{"href":"https:\/\/www.puntofilipino.com\/en\/wp-json\/wp\/v2\/types\/page"}],"author":[{"embeddable":true,"href":"https:\/\/www.puntofilipino.com\/en\/wp-json\/wp\/v2\/users\/1"}],"replies":[{"embeddable":true,"href":"https:\/\/www.puntofilipino.com\/en\/wp-json\/wp\/v2\/comments?post=5"}],"version-history":[{"count":6,"href":"https:\/\/www.puntofilipino.com\/en\/wp-json\/wp\/v2\/pages\/5\/revisions"}],"predecessor-version":[{"id":1362,"href":"https:\/\/www.puntofilipino.com\/en\/wp-json\/wp\/v2\/pages\/5\/revisions\/1362"}],"wp:attachment":[{"href":"https:\/\/www.puntofilipino.com\/en\/wp-json\/wp\/v2\/media?parent=5"}],"curies":[{"name":"wp","href":"https:\/\/api.w.org\/{rel}","templated":true}]}}