{"id":1391,"date":"2026-04-10T15:18:13","date_gmt":"2026-04-10T13:18:13","guid":{"rendered":"https:\/\/www.puntofilipino.com\/?page_id=1391"},"modified":"2026-04-12T15:43:15","modified_gmt":"2026-04-12T13:43:15","slug":"politica-de-cookies","status":"publish","type":"page","link":"https:\/\/www.puntofilipino.com\/en\/politica-de-cookies\/","title":{"rendered":"Cookie Policy"},"content":{"rendered":"<p>Puntofilipino, por su propia cuenta o la de un tercero contratado para la prestaci\u00f3n de servicios de medici\u00f3n, puede utilizar cookies cuando un usuario navega por el sitio web. Las cookies son ficheros enviados al navegador por medio de un servidor web con la finalidad de registrar las actividades del usuario durante su tiempo de navegaci\u00f3n.<\/p>\n\n\n\n<p>Las cookies utilizadas por el sitio web se asocian \u00fanicamente con un usuario an\u00f3nimo y su ordenador, y no proporcionan por s\u00ed mismas los datos personales del usuario.<\/p>\n\n\n\n<p>Mediante el uso de las cookies resulta posible que el servidor donde se encuentra la web, reconozca el navegador web utilizado por el usuario con la finalidad de que la navegaci\u00f3n sea m\u00e1s sencilla, permitiendo,<br>por ejemplo, el acceso a los usuarios que se hayan registrado previamente, acceder a las \u00e1reas, servicios, promociones o concursos reservados exclusivamente a ellos sin tener que<br>registrarse en cada visita.<br>Se utilizan tambi\u00e9n para medir la audiencia y par\u00e1metros del tr\u00e1fico, controlar el progreso y n\u00famero de entradas.<\/p>\n\n\n\n<p>Si no se habilitan las cookies, es posible que algunas funciones y p\u00e1ginas no se muestren correctamente. Para borrar las cookies en el ordenador, hacer clic en \u201cAyuda\u201d del men\u00fa del navegador para ver las instrucciones.<\/p>\n\n\n\n<p>El usuario tambi\u00e9n tiene la posibilidad de configurar su navegador para ser avisado de la recepci\u00f3n de cookies y para impedir su instalaci\u00f3n en su equipo. Por favor, consulte las instrucciones y manuales de su navegador para ampliar esta informaci\u00f3n.<\/p>\n\n\n\n<p>Para utilizar el sitio web, no resulta necesario que el usuario permita la instalaci\u00f3n de las cookies enviadas por el sitio web, o el tercero que act\u00fae en su nombre, sin perjuicio de que sea necesario que el usuario inicie una sesi\u00f3n como tal en cada uno de los servicios cuya prestaci\u00f3n requiera el previo registro o \u201clogin\u201d.<\/p>","protected":false},"excerpt":{"rendered":"<p>Puntofilipino, por su propia cuenta o la de un tercero contratado para la prestaci\u00f3n de servicios de medici\u00f3n, puede utilizar cookies cuando un usuario navega por el sitio web. Las cookies son ficheros enviados al navegador por medio de un servidor web con la finalidad de registrar las actividades del usuario durante su tiempo de [&hellip;]<\/p>\n","protected":false},"author":7,"featured_media":0,"parent":0,"menu_order":0,"comment_status":"closed","ping_status":"closed","template":"page-lega.php","meta":{"_acf_changed":false,"inline_featured_image":false,"footnotes":""},"class_list":["post-1391","page","type-page","status-publish","hentry"],"acf":[],"yoast_head":"<!-- This site is optimized with the Yoast SEO plugin v27.4 - https:\/\/yoast.com\/product\/yoast-seo-wordpress\/ -->\n<title>Pol\u00edtica de Cookies - Puntofilipino<\/title>\n<meta name=\"robots\" content=\"noindex, follow, max-snippet:-1, max-image-preview:large, max-video-preview:-1\" \/>\n<meta property=\"og:locale\" content=\"en_US\" \/>\n<meta property=\"og:type\" content=\"article\" \/>\n<meta property=\"og:title\" content=\"Pol\u00edtica de Cookies - Puntofilipino\" \/>\n<meta property=\"og:description\" content=\"Puntofilipino, por su propia cuenta o la de un tercero contratado para la prestaci\u00f3n de servicios de medici\u00f3n, puede utilizar cookies cuando un usuario navega por el sitio web. Las cookies son ficheros enviados al navegador por medio de un servidor web con la finalidad de registrar las actividades del usuario durante su tiempo de [&hellip;]\" \/>\n<meta property=\"og:url\" content=\"https:\/\/www.puntofilipino.com\/en\/politica-de-cookies\/\" \/>\n<meta property=\"og:site_name\" content=\"Puntofilipino\" \/>\n<meta property=\"article:modified_time\" content=\"2026-04-12T13:43:15+00:00\" \/>\n<meta property=\"og:image\" content=\"https:\/\/www.puntofilipino.com\/wp-content\/uploads\/2021\/11\/PUNTOFILIPINO_RRSS.jpg\" \/>\n\t<meta property=\"og:image:width\" content=\"1200\" \/>\n\t<meta property=\"og:image:height\" content=\"628\" \/>\n\t<meta property=\"og:image:type\" content=\"image\/jpeg\" \/>\n<meta name=\"twitter:card\" content=\"summary_large_image\" \/>\n<meta name=\"twitter:label1\" content=\"Est. reading time\" \/>\n\t<meta name=\"twitter:data1\" content=\"2 minutes\" \/>\n<script type=\"application\/ld+json\" class=\"yoast-schema-graph\">{\"@context\":\"https:\\\/\\\/schema.org\",\"@graph\":[{\"@type\":\"WebPage\",\"@id\":\"https:\\\/\\\/www.puntofilipino.com\\\/politica-de-cookies\\\/\",\"url\":\"https:\\\/\\\/www.puntofilipino.com\\\/politica-de-cookies\\\/\",\"name\":\"Pol\u00edtica de Cookies - Puntofilipino\",\"isPartOf\":{\"@id\":\"https:\\\/\\\/www.puntofilipino.com\\\/#website\"},\"datePublished\":\"2026-04-10T13:18:13+00:00\",\"dateModified\":\"2026-04-12T13:43:15+00:00\",\"breadcrumb\":{\"@id\":\"https:\\\/\\\/www.puntofilipino.com\\\/politica-de-cookies\\\/#breadcrumb\"},\"inLanguage\":\"en-US\",\"potentialAction\":[{\"@type\":\"ReadAction\",\"target\":[\"https:\\\/\\\/www.puntofilipino.com\\\/politica-de-cookies\\\/\"]}]},{\"@type\":\"BreadcrumbList\",\"@id\":\"https:\\\/\\\/www.puntofilipino.com\\\/politica-de-cookies\\\/#breadcrumb\",\"itemListElement\":[{\"@type\":\"ListItem\",\"position\":1,\"name\":\"Home\",\"item\":\"https:\\\/\\\/www.puntofilipino.com\\\/\"},{\"@type\":\"ListItem\",\"position\":2,\"name\":\"Pol\u00edtica de Cookies\"}]},{\"@type\":\"WebSite\",\"@id\":\"https:\\\/\\\/www.puntofilipino.com\\\/#website\",\"url\":\"https:\\\/\\\/www.puntofilipino.com\\\/\",\"name\":\"Puntofilipino\",\"description\":\"\",\"publisher\":{\"@id\":\"https:\\\/\\\/www.puntofilipino.com\\\/#organization\"},\"potentialAction\":[{\"@type\":\"SearchAction\",\"target\":{\"@type\":\"EntryPoint\",\"urlTemplate\":\"https:\\\/\\\/www.puntofilipino.com\\\/?s={search_term_string}\"},\"query-input\":{\"@type\":\"PropertyValueSpecification\",\"valueRequired\":true,\"valueName\":\"search_term_string\"}}],\"inLanguage\":\"en-US\"},{\"@type\":\"Organization\",\"@id\":\"https:\\\/\\\/www.puntofilipino.com\\\/#organization\",\"name\":\"Puntofilipino\",\"url\":\"https:\\\/\\\/www.puntofilipino.com\\\/\",\"logo\":{\"@type\":\"ImageObject\",\"inLanguage\":\"en-US\",\"@id\":\"https:\\\/\\\/www.puntofilipino.com\\\/#\\\/schema\\\/logo\\\/image\\\/\",\"url\":\"https:\\\/\\\/www.puntofilipino.com\\\/wp-content\\\/uploads\\\/2026\\\/01\\\/logo-puntofilipino.svg\",\"contentUrl\":\"https:\\\/\\\/www.puntofilipino.com\\\/wp-content\\\/uploads\\\/2026\\\/01\\\/logo-puntofilipino.svg\",\"width\":220,\"height\":21,\"caption\":\"Puntofilipino\"},\"image\":{\"@id\":\"https:\\\/\\\/www.puntofilipino.com\\\/#\\\/schema\\\/logo\\\/image\\\/\"}}]}<\/script>\n<!-- \/ Yoast SEO plugin. -->","yoast_head_json":{"title":"Pol\u00edtica de Cookies - Puntofilipino","robots":{"index":"noindex","follow":"follow","max-snippet":"max-snippet:-1","max-image-preview":"max-image-preview:large","max-video-preview":"max-video-preview:-1"},"og_locale":"en_US","og_type":"article","og_title":"Pol\u00edtica de Cookies - Puntofilipino","og_description":"Puntofilipino, por su propia cuenta o la de un tercero contratado para la prestaci\u00f3n de servicios de medici\u00f3n, puede utilizar cookies cuando un usuario navega por el sitio web. Las cookies son ficheros enviados al navegador por medio de un servidor web con la finalidad de registrar las actividades del usuario durante su tiempo de [&hellip;]","og_url":"https:\/\/www.puntofilipino.com\/en\/politica-de-cookies\/","og_site_name":"Puntofilipino","article_modified_time":"2026-04-12T13:43:15+00:00","og_image":[{"width":1200,"height":628,"url":"https:\/\/www.puntofilipino.com\/wp-content\/uploads\/2021\/11\/PUNTOFILIPINO_RRSS.jpg","type":"image\/jpeg"}],"twitter_card":"summary_large_image","twitter_misc":{"Est. reading time":"2 minutes"},"schema":{"@context":"https:\/\/schema.org","@graph":[{"@type":"WebPage","@id":"https:\/\/www.puntofilipino.com\/politica-de-cookies\/","url":"https:\/\/www.puntofilipino.com\/politica-de-cookies\/","name":"Pol\u00edtica de Cookies - Puntofilipino","isPartOf":{"@id":"https:\/\/www.puntofilipino.com\/#website"},"datePublished":"2026-04-10T13:18:13+00:00","dateModified":"2026-04-12T13:43:15+00:00","breadcrumb":{"@id":"https:\/\/www.puntofilipino.com\/politica-de-cookies\/#breadcrumb"},"inLanguage":"en-US","potentialAction":[{"@type":"ReadAction","target":["https:\/\/www.puntofilipino.com\/politica-de-cookies\/"]}]},{"@type":"BreadcrumbList","@id":"https:\/\/www.puntofilipino.com\/politica-de-cookies\/#breadcrumb","itemListElement":[{"@type":"ListItem","position":1,"name":"Home","item":"https:\/\/www.puntofilipino.com\/"},{"@type":"ListItem","position":2,"name":"Pol\u00edtica de Cookies"}]},{"@type":"WebSite","@id":"https:\/\/www.puntofilipino.com\/#website","url":"https:\/\/www.puntofilipino.com\/","name":"Filipino Point","description":"","publisher":{"@id":"https:\/\/www.puntofilipino.com\/#organization"},"potentialAction":[{"@type":"SearchAction","target":{"@type":"EntryPoint","urlTemplate":"https:\/\/www.puntofilipino.com\/?s={search_term_string}"},"query-input":{"@type":"PropertyValueSpecification","valueRequired":true,"valueName":"search_term_string"}}],"inLanguage":"en-US"},{"@type":"Organization","@id":"https:\/\/www.puntofilipino.com\/#organization","name":"Filipino Point","url":"https:\/\/www.puntofilipino.com\/","logo":{"@type":"ImageObject","inLanguage":"en-US","@id":"https:\/\/www.puntofilipino.com\/#\/schema\/logo\/image\/","url":"https:\/\/www.puntofilipino.com\/wp-content\/uploads\/2026\/01\/logo-puntofilipino.svg","contentUrl":"https:\/\/www.puntofilipino.com\/wp-content\/uploads\/2026\/01\/logo-puntofilipino.svg","width":220,"height":21,"caption":"Puntofilipino"},"image":{"@id":"https:\/\/www.puntofilipino.com\/#\/schema\/logo\/image\/"}}]}},"_links":{"self":[{"href":"https:\/\/www.puntofilipino.com\/en\/wp-json\/wp\/v2\/pages\/1391","targetHints":{"allow":["GET"]}}],"collection":[{"href":"https:\/\/www.puntofilipino.com\/en\/wp-json\/wp\/v2\/pages"}],"about":[{"href":"https:\/\/www.puntofilipino.com\/en\/wp-json\/wp\/v2\/types\/page"}],"author":[{"embeddable":true,"href":"https:\/\/www.puntofilipino.com\/en\/wp-json\/wp\/v2\/users\/7"}],"replies":[{"embeddable":true,"href":"https:\/\/www.puntofilipino.com\/en\/wp-json\/wp\/v2\/comments?post=1391"}],"version-history":[{"count":1,"href":"https:\/\/www.puntofilipino.com\/en\/wp-json\/wp\/v2\/pages\/1391\/revisions"}],"predecessor-version":[{"id":1392,"href":"https:\/\/www.puntofilipino.com\/en\/wp-json\/wp\/v2\/pages\/1391\/revisions\/1392"}],"wp:attachment":[{"href":"https:\/\/www.puntofilipino.com\/en\/wp-json\/wp\/v2\/media?parent=1391"}],"curies":[{"name":"wp","href":"https:\/\/api.w.org\/{rel}","templated":true}]}}