{"id":1355,"date":"2026-04-08T22:28:52","date_gmt":"2026-04-08T20:28:52","guid":{"rendered":"https:\/\/www.puntofilipino.com\/?page_id=1355"},"modified":"2026-04-12T15:42:05","modified_gmt":"2026-04-12T13:42:05","slug":"aviso-legal-y-politica-de-privacidad","status":"publish","type":"page","link":"https:\/\/www.puntofilipino.com\/en\/aviso-legal-y-politica-de-privacidad\/","title":{"rendered":"Legal Notice"},"content":{"rendered":"<p>Puntofilipino s.l., en cumplimiento del art\u00edculo 10 de la Ley 34\/2002 de Servicios de la Sociedad de la Informaci\u00f3n y Comercio Electr\u00f3nico, informa:<\/p>\n\n\n\n<p>Que es titular del dominio y del sitio web (https:\/\/puntofilipino.es\/)<br>Que sus datos identificativos son: Gema Guti\u00e9rrez Aguilera, 53708884C<\/p>\n\n\n\n<p>La utilizaci\u00f3n del sitio web otorga la condici\u00f3n de usuario e implica la plena aceptaci\u00f3n a todas las disposiciones contenidas en este Aviso Legal y en la Pol\u00edtica de Privacidad. Si el usuario no est\u00e1 de acuerdo con las condiciones aqu\u00ed establecidas deber\u00eda desestimar el acceso y la utilizaci\u00f3n del sitio web.<\/p>\n\n\n\n<p>El contenido del sitio web es propiedad de Puntofilipino s.l., y se proh\u00edbe cualquier tipo de copia o reproducci\u00f3n de todo o parte del contenido sin autorizaci\u00f3n expresa de su propietario.<\/p>\n\n\n\n<p>Puntofilipino s.l. no asume ninguna responsabilidad sobre los enlaces externos de terceros que pudieran incorporarse en el sitio web, al no tener ning\u00fan tipo de control sobre ellos, sobre sus contenidos, los servicios que presten o la forma en que \u00e9stos aparezcan.<\/p>\n\n\n\n<p>El usuario del sitio web se compromete a hacer un uso adecuado del mismo, a no emplearlo para pr\u00e1cticas contrarias a la Ley o la buena fe y a no provocar da\u00f1os en los sistemas f\u00edsicos y l\u00f3gicos de Puntofilipino.<\/p>","protected":false},"excerpt":{"rendered":"<p>Puntofilipino s.l., en cumplimiento del art\u00edculo 10 de la Ley 34\/2002 de Servicios de la Sociedad de la Informaci\u00f3n y Comercio Electr\u00f3nico, informa: Que es titular del dominio y del sitio web (https:\/\/puntofilipino.es\/)Que sus datos identificativos son: Gema Guti\u00e9rrez Aguilera, 53708884C La utilizaci\u00f3n del sitio web otorga la condici\u00f3n de usuario e implica la plena [&hellip;]<\/p>\n","protected":false},"author":7,"featured_media":0,"parent":0,"menu_order":0,"comment_status":"closed","ping_status":"closed","template":"page-lega.php","meta":{"_acf_changed":false,"inline_featured_image":false,"footnotes":""},"class_list":["post-1355","page","type-page","status-publish","hentry"],"acf":[],"yoast_head":"<!-- This site is optimized with the Yoast SEO plugin v27.4 - https:\/\/yoast.com\/product\/yoast-seo-wordpress\/ -->\n<title>Aviso legal - Puntofilipino<\/title>\n<meta name=\"robots\" content=\"noindex, follow, max-snippet:-1, max-image-preview:large, max-video-preview:-1\" \/>\n<meta property=\"og:locale\" content=\"en_US\" \/>\n<meta property=\"og:type\" content=\"article\" \/>\n<meta property=\"og:title\" content=\"Aviso legal - Puntofilipino\" \/>\n<meta property=\"og:description\" content=\"Puntofilipino s.l., en cumplimiento del art\u00edculo 10 de la Ley 34\/2002 de Servicios de la Sociedad de la Informaci\u00f3n y Comercio Electr\u00f3nico, informa: Que es titular del dominio y del sitio web (https:\/\/puntofilipino.es\/)Que sus datos identificativos son: Gema Guti\u00e9rrez Aguilera, 53708884C La utilizaci\u00f3n del sitio web otorga la condici\u00f3n de usuario e implica la plena [&hellip;]\" \/>\n<meta property=\"og:url\" content=\"https:\/\/www.puntofilipino.com\/en\/aviso-legal-y-politica-de-privacidad\/\" \/>\n<meta property=\"og:site_name\" content=\"Puntofilipino\" \/>\n<meta property=\"article:modified_time\" content=\"2026-04-12T13:42:05+00:00\" \/>\n<meta property=\"og:image\" content=\"https:\/\/www.puntofilipino.com\/wp-content\/uploads\/2021\/11\/PUNTOFILIPINO_RRSS.jpg\" \/>\n\t<meta property=\"og:image:width\" content=\"1200\" \/>\n\t<meta property=\"og:image:height\" content=\"628\" \/>\n\t<meta property=\"og:image:type\" content=\"image\/jpeg\" \/>\n<meta name=\"twitter:card\" content=\"summary_large_image\" \/>\n<meta name=\"twitter:label1\" content=\"Est. reading time\" \/>\n\t<meta name=\"twitter:data1\" content=\"1 minute\" \/>\n<script type=\"application\/ld+json\" class=\"yoast-schema-graph\">{\"@context\":\"https:\\\/\\\/schema.org\",\"@graph\":[{\"@type\":\"WebPage\",\"@id\":\"https:\\\/\\\/www.puntofilipino.com\\\/aviso-legal-y-politica-de-privacidad\\\/\",\"url\":\"https:\\\/\\\/www.puntofilipino.com\\\/aviso-legal-y-politica-de-privacidad\\\/\",\"name\":\"Aviso legal - Puntofilipino\",\"isPartOf\":{\"@id\":\"https:\\\/\\\/www.puntofilipino.com\\\/#website\"},\"datePublished\":\"2026-04-08T20:28:52+00:00\",\"dateModified\":\"2026-04-12T13:42:05+00:00\",\"breadcrumb\":{\"@id\":\"https:\\\/\\\/www.puntofilipino.com\\\/aviso-legal-y-politica-de-privacidad\\\/#breadcrumb\"},\"inLanguage\":\"en-US\",\"potentialAction\":[{\"@type\":\"ReadAction\",\"target\":[\"https:\\\/\\\/www.puntofilipino.com\\\/aviso-legal-y-politica-de-privacidad\\\/\"]}]},{\"@type\":\"BreadcrumbList\",\"@id\":\"https:\\\/\\\/www.puntofilipino.com\\\/aviso-legal-y-politica-de-privacidad\\\/#breadcrumb\",\"itemListElement\":[{\"@type\":\"ListItem\",\"position\":1,\"name\":\"Home\",\"item\":\"https:\\\/\\\/www.puntofilipino.com\\\/\"},{\"@type\":\"ListItem\",\"position\":2,\"name\":\"Aviso legal\"}]},{\"@type\":\"WebSite\",\"@id\":\"https:\\\/\\\/www.puntofilipino.com\\\/#website\",\"url\":\"https:\\\/\\\/www.puntofilipino.com\\\/\",\"name\":\"Puntofilipino\",\"description\":\"\",\"publisher\":{\"@id\":\"https:\\\/\\\/www.puntofilipino.com\\\/#organization\"},\"potentialAction\":[{\"@type\":\"SearchAction\",\"target\":{\"@type\":\"EntryPoint\",\"urlTemplate\":\"https:\\\/\\\/www.puntofilipino.com\\\/?s={search_term_string}\"},\"query-input\":{\"@type\":\"PropertyValueSpecification\",\"valueRequired\":true,\"valueName\":\"search_term_string\"}}],\"inLanguage\":\"en-US\"},{\"@type\":\"Organization\",\"@id\":\"https:\\\/\\\/www.puntofilipino.com\\\/#organization\",\"name\":\"Puntofilipino\",\"url\":\"https:\\\/\\\/www.puntofilipino.com\\\/\",\"logo\":{\"@type\":\"ImageObject\",\"inLanguage\":\"en-US\",\"@id\":\"https:\\\/\\\/www.puntofilipino.com\\\/#\\\/schema\\\/logo\\\/image\\\/\",\"url\":\"https:\\\/\\\/www.puntofilipino.com\\\/wp-content\\\/uploads\\\/2026\\\/01\\\/logo-puntofilipino.svg\",\"contentUrl\":\"https:\\\/\\\/www.puntofilipino.com\\\/wp-content\\\/uploads\\\/2026\\\/01\\\/logo-puntofilipino.svg\",\"width\":220,\"height\":21,\"caption\":\"Puntofilipino\"},\"image\":{\"@id\":\"https:\\\/\\\/www.puntofilipino.com\\\/#\\\/schema\\\/logo\\\/image\\\/\"}}]}<\/script>\n<!-- \/ Yoast SEO plugin. -->","yoast_head_json":{"title":"Aviso legal - Puntofilipino","robots":{"index":"noindex","follow":"follow","max-snippet":"max-snippet:-1","max-image-preview":"max-image-preview:large","max-video-preview":"max-video-preview:-1"},"og_locale":"en_US","og_type":"article","og_title":"Aviso legal - Puntofilipino","og_description":"Puntofilipino s.l., en cumplimiento del art\u00edculo 10 de la Ley 34\/2002 de Servicios de la Sociedad de la Informaci\u00f3n y Comercio Electr\u00f3nico, informa: Que es titular del dominio y del sitio web (https:\/\/puntofilipino.es\/)Que sus datos identificativos son: Gema Guti\u00e9rrez Aguilera, 53708884C La utilizaci\u00f3n del sitio web otorga la condici\u00f3n de usuario e implica la plena [&hellip;]","og_url":"https:\/\/www.puntofilipino.com\/en\/aviso-legal-y-politica-de-privacidad\/","og_site_name":"Puntofilipino","article_modified_time":"2026-04-12T13:42:05+00:00","og_image":[{"width":1200,"height":628,"url":"https:\/\/www.puntofilipino.com\/wp-content\/uploads\/2021\/11\/PUNTOFILIPINO_RRSS.jpg","type":"image\/jpeg"}],"twitter_card":"summary_large_image","twitter_misc":{"Est. reading time":"1 minute"},"schema":{"@context":"https:\/\/schema.org","@graph":[{"@type":"WebPage","@id":"https:\/\/www.puntofilipino.com\/aviso-legal-y-politica-de-privacidad\/","url":"https:\/\/www.puntofilipino.com\/aviso-legal-y-politica-de-privacidad\/","name":"Aviso legal - Puntofilipino","isPartOf":{"@id":"https:\/\/www.puntofilipino.com\/#website"},"datePublished":"2026-04-08T20:28:52+00:00","dateModified":"2026-04-12T13:42:05+00:00","breadcrumb":{"@id":"https:\/\/www.puntofilipino.com\/aviso-legal-y-politica-de-privacidad\/#breadcrumb"},"inLanguage":"en-US","potentialAction":[{"@type":"ReadAction","target":["https:\/\/www.puntofilipino.com\/aviso-legal-y-politica-de-privacidad\/"]}]},{"@type":"BreadcrumbList","@id":"https:\/\/www.puntofilipino.com\/aviso-legal-y-politica-de-privacidad\/#breadcrumb","itemListElement":[{"@type":"ListItem","position":1,"name":"Home","item":"https:\/\/www.puntofilipino.com\/"},{"@type":"ListItem","position":2,"name":"Aviso legal"}]},{"@type":"WebSite","@id":"https:\/\/www.puntofilipino.com\/#website","url":"https:\/\/www.puntofilipino.com\/","name":"Filipino Point","description":"","publisher":{"@id":"https:\/\/www.puntofilipino.com\/#organization"},"potentialAction":[{"@type":"SearchAction","target":{"@type":"EntryPoint","urlTemplate":"https:\/\/www.puntofilipino.com\/?s={search_term_string}"},"query-input":{"@type":"PropertyValueSpecification","valueRequired":true,"valueName":"search_term_string"}}],"inLanguage":"en-US"},{"@type":"Organization","@id":"https:\/\/www.puntofilipino.com\/#organization","name":"Filipino Point","url":"https:\/\/www.puntofilipino.com\/","logo":{"@type":"ImageObject","inLanguage":"en-US","@id":"https:\/\/www.puntofilipino.com\/#\/schema\/logo\/image\/","url":"https:\/\/www.puntofilipino.com\/wp-content\/uploads\/2026\/01\/logo-puntofilipino.svg","contentUrl":"https:\/\/www.puntofilipino.com\/wp-content\/uploads\/2026\/01\/logo-puntofilipino.svg","width":220,"height":21,"caption":"Puntofilipino"},"image":{"@id":"https:\/\/www.puntofilipino.com\/#\/schema\/logo\/image\/"}}]}},"_links":{"self":[{"href":"https:\/\/www.puntofilipino.com\/en\/wp-json\/wp\/v2\/pages\/1355","targetHints":{"allow":["GET"]}}],"collection":[{"href":"https:\/\/www.puntofilipino.com\/en\/wp-json\/wp\/v2\/pages"}],"about":[{"href":"https:\/\/www.puntofilipino.com\/en\/wp-json\/wp\/v2\/types\/page"}],"author":[{"embeddable":true,"href":"https:\/\/www.puntofilipino.com\/en\/wp-json\/wp\/v2\/users\/7"}],"replies":[{"embeddable":true,"href":"https:\/\/www.puntofilipino.com\/en\/wp-json\/wp\/v2\/comments?post=1355"}],"version-history":[{"count":7,"href":"https:\/\/www.puntofilipino.com\/en\/wp-json\/wp\/v2\/pages\/1355\/revisions"}],"predecessor-version":[{"id":1467,"href":"https:\/\/www.puntofilipino.com\/en\/wp-json\/wp\/v2\/pages\/1355\/revisions\/1467"}],"wp:attachment":[{"href":"https:\/\/www.puntofilipino.com\/en\/wp-json\/wp\/v2\/media?parent=1355"}],"curies":[{"name":"wp","href":"https:\/\/api.w.org\/{rel}","templated":true}]}}