{"id":1276,"date":"2026-01-19T18:17:20","date_gmt":"2026-01-19T17:17:20","guid":{"rendered":"https:\/\/www.puntofilipino.com\/?page_id=1276"},"modified":"2026-04-12T15:44:04","modified_gmt":"2026-04-12T13:44:04","slug":"politica-de-privacidad","status":"publish","type":"page","link":"https:\/\/www.puntofilipino.com\/en\/politica-de-privacidad\/","title":{"rendered":"Privacy Policy"},"content":{"rendered":"<p>En cumplimiento de la normativa vigente en materia de Protecci\u00f3n de Datos personales, le informamos que los datos personales facilitados por los usuario de esta Web en sus distintos formularios ser\u00e1n incorporados y tratados en uno o m\u00e1s ficheros titularidad de Puntofilipino s.l. con la finalidad de gestionar su solicitud, as\u00ed como para mantenerle informado, incluso por v\u00eda electr\u00f3nica, de futuras noticias y novedades relacionadas con nuestra empresa.<\/p>\n\n\n\n<p>Los datos que se solicitan en los distintos formularios marcados con asterisco (*) son los estrictamente necesarios para poder proporcionarle el servicio solicitado o poder contactar con el usuario.<\/p>\n\n\n\n<p>El usuario garantiza la veracidad de los datos personales proporcionados, siendo el \u00fanico responsable de cualquier da\u00f1o o perjuicio, directo o indirecto, que pudiera ocasionar a Puntofilipino s.l. a causa de la cumplimentaci\u00f3n de los formularios con datos falsos, inexactos o incompletos.<\/p>\n\n\n\n<p>En caso de que el usuario incluya datos personales de terceras personas deber\u00e1, con car\u00e1cter previo a su inclusi\u00f3n, informarles de lo establecido en la presente pol\u00edtica de privacidad, siendo el \u00fanico responsable de su inclusi\u00f3n.<\/p>\n\n\n\n<p>Puntofilipino s.l. se compromete a no ceder los datos de car\u00e1cter personal facilitados por los usuarios de esta web a terceras personas o empresas sin el consentimiento previo, expreso, informado e inequ\u00edvoco del afectado.<\/p>\n\n\n\n<p>Los usuarios pueden ejercitar los derechos de acceso, rectificaci\u00f3n, cancelaci\u00f3n, limitaci\u00f3n del tratamiento, oposici\u00f3n y portabilidad reconocidos en la actual legislaci\u00f3n mediante comunicaci\u00f3n escrita al responsable<br>del tratamiento que se cita abajo, o a la direcci\u00f3n de correo electr\u00f3nico: tu@puntofilipino.com o mediante el formulario de ejercicio de derechos proporcionado en la direcci\u00f3n antes indicada.<\/p>\n\n\n\n<p>La aceptaci\u00f3n de los t\u00e9rminos expuestos en esta pol\u00edtica de privacidad es necesaria para el env\u00edo y transmisi\u00f3n de la solicitud realizada, y es posible que tambi\u00e9n se le solicite su consentimiento para el tratamiento de sus datos facilitados.<\/p>\n\n\n\n<p>Responsable del Tratamiento:<br>Gema Guti\u00e9rrez Aguilera<br>gema@puntofilipino.com<\/p>","protected":false},"excerpt":{"rendered":"<p>En cumplimiento de la normativa vigente en materia de Protecci\u00f3n de Datos personales, le informamos que los datos personales facilitados por los usuario de esta Web en sus distintos formularios ser\u00e1n incorporados y tratados en uno o m\u00e1s ficheros titularidad de Puntofilipino s.l. con la finalidad de gestionar su solicitud, as\u00ed como para mantenerle informado, [&hellip;]<\/p>\n","protected":false},"author":4,"featured_media":0,"parent":0,"menu_order":0,"comment_status":"closed","ping_status":"closed","template":"page-lega.php","meta":{"_acf_changed":false,"inline_featured_image":false,"footnotes":""},"class_list":["post-1276","page","type-page","status-publish","hentry"],"acf":[],"yoast_head":"<!-- This site is optimized with the Yoast SEO plugin v27.4 - https:\/\/yoast.com\/product\/yoast-seo-wordpress\/ -->\n<title>Pol\u00edtica de privacidad - Puntofilipino<\/title>\n<meta name=\"robots\" content=\"noindex, follow, max-snippet:-1, max-image-preview:large, max-video-preview:-1\" \/>\n<meta property=\"og:locale\" content=\"en_US\" \/>\n<meta property=\"og:type\" content=\"article\" \/>\n<meta property=\"og:title\" content=\"Pol\u00edtica de privacidad - Puntofilipino\" \/>\n<meta property=\"og:description\" content=\"En cumplimiento de la normativa vigente en materia de Protecci\u00f3n de Datos personales, le informamos que los datos personales facilitados por los usuario de esta Web en sus distintos formularios ser\u00e1n incorporados y tratados en uno o m\u00e1s ficheros titularidad de Puntofilipino s.l. con la finalidad de gestionar su solicitud, as\u00ed como para mantenerle informado, [&hellip;]\" \/>\n<meta property=\"og:url\" content=\"https:\/\/www.puntofilipino.com\/en\/aviso-legal\/\" \/>\n<meta property=\"og:site_name\" content=\"Puntofilipino\" \/>\n<meta property=\"article:modified_time\" content=\"2026-04-12T13:44:04+00:00\" \/>\n<meta property=\"og:image\" content=\"https:\/\/www.puntofilipino.com\/wp-content\/uploads\/2021\/11\/PUNTOFILIPINO_RRSS.jpg\" \/>\n\t<meta property=\"og:image:width\" content=\"1200\" \/>\n\t<meta property=\"og:image:height\" content=\"628\" \/>\n\t<meta property=\"og:image:type\" content=\"image\/jpeg\" \/>\n<meta name=\"twitter:card\" content=\"summary_large_image\" \/>\n<meta name=\"twitter:label1\" content=\"Est. reading time\" \/>\n\t<meta name=\"twitter:data1\" content=\"4 minutes\" \/>\n<script type=\"application\/ld+json\" class=\"yoast-schema-graph\">{\"@context\":\"https:\\\/\\\/schema.org\",\"@graph\":[{\"@type\":\"WebPage\",\"@id\":\"https:\\\/\\\/www.puntofilipino.com\\\/aviso-legal\\\/\",\"url\":\"https:\\\/\\\/www.puntofilipino.com\\\/aviso-legal\\\/\",\"name\":\"Pol\u00edtica de privacidad - Puntofilipino\",\"isPartOf\":{\"@id\":\"https:\\\/\\\/www.puntofilipino.com\\\/#website\"},\"datePublished\":\"2026-01-19T17:17:20+00:00\",\"dateModified\":\"2026-04-12T13:44:04+00:00\",\"breadcrumb\":{\"@id\":\"https:\\\/\\\/www.puntofilipino.com\\\/aviso-legal\\\/#breadcrumb\"},\"inLanguage\":\"en-US\",\"potentialAction\":[{\"@type\":\"ReadAction\",\"target\":[\"https:\\\/\\\/www.puntofilipino.com\\\/aviso-legal\\\/\"]}]},{\"@type\":\"BreadcrumbList\",\"@id\":\"https:\\\/\\\/www.puntofilipino.com\\\/aviso-legal\\\/#breadcrumb\",\"itemListElement\":[{\"@type\":\"ListItem\",\"position\":1,\"name\":\"Home\",\"item\":\"https:\\\/\\\/www.puntofilipino.com\\\/\"},{\"@type\":\"ListItem\",\"position\":2,\"name\":\"Aviso legal y Pol\u00edtica de privacidad\"}]},{\"@type\":\"WebSite\",\"@id\":\"https:\\\/\\\/www.puntofilipino.com\\\/#website\",\"url\":\"https:\\\/\\\/www.puntofilipino.com\\\/\",\"name\":\"Puntofilipino\",\"description\":\"\",\"publisher\":{\"@id\":\"https:\\\/\\\/www.puntofilipino.com\\\/#organization\"},\"potentialAction\":[{\"@type\":\"SearchAction\",\"target\":{\"@type\":\"EntryPoint\",\"urlTemplate\":\"https:\\\/\\\/www.puntofilipino.com\\\/?s={search_term_string}\"},\"query-input\":{\"@type\":\"PropertyValueSpecification\",\"valueRequired\":true,\"valueName\":\"search_term_string\"}}],\"inLanguage\":\"en-US\"},{\"@type\":\"Organization\",\"@id\":\"https:\\\/\\\/www.puntofilipino.com\\\/#organization\",\"name\":\"Puntofilipino\",\"url\":\"https:\\\/\\\/www.puntofilipino.com\\\/\",\"logo\":{\"@type\":\"ImageObject\",\"inLanguage\":\"en-US\",\"@id\":\"https:\\\/\\\/www.puntofilipino.com\\\/#\\\/schema\\\/logo\\\/image\\\/\",\"url\":\"https:\\\/\\\/www.puntofilipino.com\\\/wp-content\\\/uploads\\\/2026\\\/01\\\/logo-puntofilipino.svg\",\"contentUrl\":\"https:\\\/\\\/www.puntofilipino.com\\\/wp-content\\\/uploads\\\/2026\\\/01\\\/logo-puntofilipino.svg\",\"width\":220,\"height\":21,\"caption\":\"Puntofilipino\"},\"image\":{\"@id\":\"https:\\\/\\\/www.puntofilipino.com\\\/#\\\/schema\\\/logo\\\/image\\\/\"}}]}<\/script>\n<!-- \/ Yoast SEO plugin. -->","yoast_head_json":{"title":"Pol\u00edtica de privacidad - Puntofilipino","robots":{"index":"noindex","follow":"follow","max-snippet":"max-snippet:-1","max-image-preview":"max-image-preview:large","max-video-preview":"max-video-preview:-1"},"og_locale":"en_US","og_type":"article","og_title":"Pol\u00edtica de privacidad - Puntofilipino","og_description":"En cumplimiento de la normativa vigente en materia de Protecci\u00f3n de Datos personales, le informamos que los datos personales facilitados por los usuario de esta Web en sus distintos formularios ser\u00e1n incorporados y tratados en uno o m\u00e1s ficheros titularidad de Puntofilipino s.l. con la finalidad de gestionar su solicitud, as\u00ed como para mantenerle informado, [&hellip;]","og_url":"https:\/\/www.puntofilipino.com\/en\/aviso-legal\/","og_site_name":"Puntofilipino","article_modified_time":"2026-04-12T13:44:04+00:00","og_image":[{"width":1200,"height":628,"url":"https:\/\/www.puntofilipino.com\/wp-content\/uploads\/2021\/11\/PUNTOFILIPINO_RRSS.jpg","type":"image\/jpeg"}],"twitter_card":"summary_large_image","twitter_misc":{"Est. reading time":"4 minutes"},"schema":{"@context":"https:\/\/schema.org","@graph":[{"@type":"WebPage","@id":"https:\/\/www.puntofilipino.com\/aviso-legal\/","url":"https:\/\/www.puntofilipino.com\/aviso-legal\/","name":"Pol\u00edtica de privacidad - Puntofilipino","isPartOf":{"@id":"https:\/\/www.puntofilipino.com\/#website"},"datePublished":"2026-01-19T17:17:20+00:00","dateModified":"2026-04-12T13:44:04+00:00","breadcrumb":{"@id":"https:\/\/www.puntofilipino.com\/aviso-legal\/#breadcrumb"},"inLanguage":"en-US","potentialAction":[{"@type":"ReadAction","target":["https:\/\/www.puntofilipino.com\/aviso-legal\/"]}]},{"@type":"BreadcrumbList","@id":"https:\/\/www.puntofilipino.com\/aviso-legal\/#breadcrumb","itemListElement":[{"@type":"ListItem","position":1,"name":"Home","item":"https:\/\/www.puntofilipino.com\/"},{"@type":"ListItem","position":2,"name":"Aviso legal y Pol\u00edtica de privacidad"}]},{"@type":"WebSite","@id":"https:\/\/www.puntofilipino.com\/#website","url":"https:\/\/www.puntofilipino.com\/","name":"Filipino Point","description":"","publisher":{"@id":"https:\/\/www.puntofilipino.com\/#organization"},"potentialAction":[{"@type":"SearchAction","target":{"@type":"EntryPoint","urlTemplate":"https:\/\/www.puntofilipino.com\/?s={search_term_string}"},"query-input":{"@type":"PropertyValueSpecification","valueRequired":true,"valueName":"search_term_string"}}],"inLanguage":"en-US"},{"@type":"Organization","@id":"https:\/\/www.puntofilipino.com\/#organization","name":"Filipino Point","url":"https:\/\/www.puntofilipino.com\/","logo":{"@type":"ImageObject","inLanguage":"en-US","@id":"https:\/\/www.puntofilipino.com\/#\/schema\/logo\/image\/","url":"https:\/\/www.puntofilipino.com\/wp-content\/uploads\/2026\/01\/logo-puntofilipino.svg","contentUrl":"https:\/\/www.puntofilipino.com\/wp-content\/uploads\/2026\/01\/logo-puntofilipino.svg","width":220,"height":21,"caption":"Puntofilipino"},"image":{"@id":"https:\/\/www.puntofilipino.com\/#\/schema\/logo\/image\/"}}]}},"_links":{"self":[{"href":"https:\/\/www.puntofilipino.com\/en\/wp-json\/wp\/v2\/pages\/1276","targetHints":{"allow":["GET"]}}],"collection":[{"href":"https:\/\/www.puntofilipino.com\/en\/wp-json\/wp\/v2\/pages"}],"about":[{"href":"https:\/\/www.puntofilipino.com\/en\/wp-json\/wp\/v2\/types\/page"}],"author":[{"embeddable":true,"href":"https:\/\/www.puntofilipino.com\/en\/wp-json\/wp\/v2\/users\/4"}],"replies":[{"embeddable":true,"href":"https:\/\/www.puntofilipino.com\/en\/wp-json\/wp\/v2\/comments?post=1276"}],"version-history":[{"count":2,"href":"https:\/\/www.puntofilipino.com\/en\/wp-json\/wp\/v2\/pages\/1276\/revisions"}],"predecessor-version":[{"id":1390,"href":"https:\/\/www.puntofilipino.com\/en\/wp-json\/wp\/v2\/pages\/1276\/revisions\/1390"}],"wp:attachment":[{"href":"https:\/\/www.puntofilipino.com\/en\/wp-json\/wp\/v2\/media?parent=1276"}],"curies":[{"name":"wp","href":"https:\/\/api.w.org\/{rel}","templated":true}]}}